{"id":233,"date":"2026-03-29T11:35:28","date_gmt":"2026-03-29T11:35:28","guid":{"rendered":"https:\/\/mediumslateblue-squid-450319.hostingersite.com\/?page_id=233"},"modified":"2026-04-23T16:29:57","modified_gmt":"2026-04-23T16:29:57","slug":"teorica-online","status":"publish","type":"page","link":"https:\/\/autoescolaeduardo.com\/ca\/teorica-online\/","title":{"rendered":"Te\u00f2rica Online"},"content":{"rendered":"<div data-elementor-type=\"wp-page\" data-elementor-id=\"233\" class=\"elementor elementor-233\" data-elementor-post-type=\"page\">\n\t\t\t\t<div class=\"elementor-element elementor-element-3395eba e-flex e-con-boxed e-con e-parent\" data-id=\"3395eba\" data-element_type=\"container\" data-e-type=\"container\" data-settings=\"{&quot;background_background&quot;:&quot;classic&quot;}\">\n\t\t\t\t\t<div class=\"e-con-inner\">\n\t\t\t\t<div class=\"elementor-element elementor-element-d059572 elementor-widget-mobile__width-inherit elementor-widget elementor-widget-heading\" data-id=\"d059572\" data-element_type=\"widget\" data-e-type=\"widget\" data-widget_type=\"heading.default\">\n\t\t\t\t\t<h1 class=\"elementor-heading-title elementor-size-default\">Te\u00f2rica en Directe<\/h1>\t\t\t\t<\/div>\n\t\t\t\t<div class=\"elementor-element elementor-element-ef57429 elementor-icon-list--layout-inline elementor-mobile-align-start elementor-list-item-link-inline elementor-widget-mobile__width-inherit elementor-widget elementor-widget-icon-list\" data-id=\"ef57429\" data-element_type=\"widget\" data-e-type=\"widget\" data-widget_type=\"icon-list.default\">\n\t\t\t\t\t\t\t<ul class=\"elementor-icon-list-items elementor-inline-items\">\n\t\t\t\t\t\t\t<li class=\"elementor-icon-list-item elementor-inline-item\">\n\t\t\t\t\t\t\t\t\t\t\t<a href=\"\/ca\/\">\n\n\t\t\t\t\t\t\t\t\t\t\t\t<span class=\"elementor-icon-list-icon\">\n\t\t\t\t\t\t\t<i aria-hidden=\"true\" class=\"icon icon-home2\"><\/i>\t\t\t\t\t\t<\/span>\n\t\t\t\t\t\t\t\t\t\t<span class=\"elementor-icon-list-text\">Inici<\/span>\n\t\t\t\t\t\t\t\t\t\t\t<\/a>\n\t\t\t\t\t\t\t\t\t<\/li>\n\t\t\t\t\t\t\t\t<li class=\"elementor-icon-list-item elementor-inline-item\">\n\t\t\t\t\t\t\t\t\t\t\t<span class=\"elementor-icon-list-icon\">\n\t\t\t\t\t\t\t<i aria-hidden=\"true\" class=\"icon icon-car-1\"><\/i>\t\t\t\t\t\t<\/span>\n\t\t\t\t\t\t\t\t\t\t<span class=\"elementor-icon-list-text\">Te\u00f2rica en Directe<\/span>\n\t\t\t\t\t\t\t\t\t<\/li>\n\t\t\t\t\t\t<\/ul>\n\t\t\t\t\t\t<\/div>\n\t\t\t\t\t<\/div>\n\t\t\t\t<\/div>\n\t\t<div class=\"elementor-element elementor-element-e747d47 e-flex e-con-boxed e-con e-parent\" data-id=\"e747d47\" data-element_type=\"container\" data-e-type=\"container\">\n\t\t\t\t\t<div class=\"e-con-inner\">\n\t\t<div class=\"elementor-element elementor-element-939de42 e-con-full e-flex e-con e-child\" data-id=\"939de42\" data-element_type=\"container\" data-e-type=\"container\" data-settings=\"{&quot;background_background&quot;:&quot;classic&quot;}\">\n\t\t\t\t<\/div>\n\t\t<div class=\"elementor-element elementor-element-5a929d5 e-con-full e-flex e-con e-child\" data-id=\"5a929d5\" data-element_type=\"container\" data-e-type=\"container\">\n\t\t\t\t<div class=\"elementor-element elementor-element-bfe8102 elementor-widget elementor-widget-heading\" data-id=\"bfe8102\" data-element_type=\"widget\" data-e-type=\"widget\" data-widget_type=\"heading.default\">\n\t\t\t\t\t<div class=\"elementor-heading-title elementor-size-default\">Classes en Directe<\/div>\t\t\t\t<\/div>\n\t\t\t\t<div class=\"elementor-element elementor-element-45c5663 elementor-widget__width-inherit elementor-widget elementor-widget-elementskit-heading\" data-id=\"45c5663\" data-element_type=\"widget\" data-e-type=\"widget\" data-widget_type=\"elementskit-heading.default\">\n\t\t\t\t\t<div class=\"ekit-wid-con\" ><div class=\"ekit-heading elementskit-section-title-wraper text_left   ekit_heading_tablet-   ekit_heading_mobile-\"><h2 class=\"ekit-heading--title elementskit-section-title\"><span><span>Apr\u00e8n<\/span><\/span> la te\u00f2rica des d'on vulguis<\/h2><\/div><\/div>\t\t\t\t<\/div>\n\t\t\t\t<div class=\"elementor-element elementor-element-d050965 elementor-widget__width-inherit elementor-widget elementor-widget-text-editor\" data-id=\"d050965\" data-element_type=\"widget\" data-e-type=\"widget\" data-widget_type=\"text-editor.default\">\n\t\t\t\t\t\t\t\t\t<p>Classes de te\u00f2rica en directe amb professor, per temes, des de casa o des de la nostra aula. M\u00e8tode interactiu amb seguiment personalitzat. Pregunta, resol dubtes al moment i aprova la te\u00f2rica amb garanties.<\/p><p><strong>Horari classes en directe:<\/strong> De dilluns a dijous, 11:00\u201312:00 i 18:00\u201319:00<\/p>\t\t\t\t\t\t\t\t<\/div>\n\t\t\t\t<div class=\"elementor-element elementor-element-efb66f1 elementor-widget elementor-widget-button\" data-id=\"efb66f1\" data-element_type=\"widget\" data-e-type=\"widget\" data-widget_type=\"button.default\">\n\t\t\t\t\t\t\t\t\t\t<a class=\"elementor-button elementor-button-link elementor-size-sm\" href=\"https:\/\/wa.me\/34669868311?text=Hola!%20Quiero%20info%20sobre%20la%20te%C3%B3rica\" target=\"_blank\" rel=\"noopener\">\n\t\t\t\t\t\t<span class=\"elementor-button-content-wrapper\">\n\t\t\t\t\t\t\t\t\t<span class=\"elementor-button-text\">Escriu-nos per WhatsApp<\/span>\n\t\t\t\t\t<\/span>\n\t\t\t\t\t<\/a>\n\t\t\t\t\t\t\t\t<\/div>\n\t\t\t\t<\/div>\n\t\t\t\t\t<\/div>\n\t\t\t\t<\/div>\n\t\t<div class=\"elementor-element elementor-element-60cb93a e-flex e-con-boxed e-con e-parent\" data-id=\"60cb93a\" data-element_type=\"container\" data-e-type=\"container\" data-settings=\"{&quot;background_background&quot;:&quot;classic&quot;}\">\n\t\t\t\t\t<div class=\"e-con-inner\">\n\t\t\t\t<div class=\"elementor-element elementor-element-7d753de elementor-widget elementor-widget-heading\" data-id=\"7d753de\" data-element_type=\"widget\" data-e-type=\"widget\" data-widget_type=\"heading.default\">\n\t\t\t\t\t<div class=\"elementor-heading-title elementor-size-default\">Com funciona<\/div>\t\t\t\t<\/div>\n\t\t\t\t<div class=\"elementor-element elementor-element-2edab1e elementor-widget elementor-widget-elementskit-heading\" data-id=\"2edab1e\" data-element_type=\"widget\" data-e-type=\"widget\" data-widget_type=\"elementskit-heading.default\">\n\t\t\t\t\t<div class=\"ekit-wid-con\" ><div class=\"ekit-heading elementskit-section-title-wraper text_center   ekit_heading_tablet-   ekit_heading_mobile-\"><h2 class=\"ekit-heading--title elementskit-section-title\">Tres formes de preparar <span><span>la teva te\u00f2rica<\/span><\/span><\/h2><\/div><\/div>\t\t\t\t<\/div>\n\t\t<div class=\"elementor-element elementor-element-4477fa1 e-con-full e-flex e-con e-child\" data-id=\"4477fa1\" data-element_type=\"container\" data-e-type=\"container\">\n\t\t<div class=\"elementor-element elementor-element-707f7a4 e-con-full e-flex e-con e-child\" data-id=\"707f7a4\" data-element_type=\"container\" data-e-type=\"container\" data-settings=\"{&quot;background_background&quot;:&quot;classic&quot;}\">\n\t\t\t\t<div class=\"elementor-element elementor-element-54e9dfd elementor-widget elementor-widget-image\" data-id=\"54e9dfd\" data-element_type=\"widget\" data-e-type=\"widget\" data-widget_type=\"image.default\">\n\t\t\t\t\t\t\t\t\t\t\t\t\t\t\t<img fetchpriority=\"high\" decoding=\"async\" width=\"512\" height=\"512\" src=\"https:\/\/autoescolaeduardo.com\/wp-content\/uploads\/2026\/03\/alert_8392847.png\" class=\"attachment-large size-large wp-image-247\" alt=\"Clases de conduccion Autoescola Eduardo\" srcset=\"https:\/\/autoescolaeduardo.com\/wp-content\/uploads\/2026\/03\/alert_8392847.png 512w, https:\/\/autoescolaeduardo.com\/wp-content\/uploads\/2026\/03\/alert_8392847-300x300.png 300w, https:\/\/autoescolaeduardo.com\/wp-content\/uploads\/2026\/03\/alert_8392847-150x150.png 150w\" sizes=\"(max-width: 512px) 100vw, 512px\" title=\"\">\t\t\t\t\t\t\t\t\t\t\t\t\t\t\t<\/div>\n\t\t\t\t<div class=\"elementor-element elementor-element-49849ec elementor-widget elementor-widget-icon-box\" data-id=\"49849ec\" data-element_type=\"widget\" data-e-type=\"widget\" data-widget_type=\"icon-box.default\">\n\t\t\t\t\t\t\t<div class=\"elementor-icon-box-wrapper\">\n\n\t\t\t\n\t\t\t\t\t\t<div class=\"elementor-icon-box-content\">\n\n\t\t\t\t\t\t\t\t\t<h3 class=\"elementor-icon-box-title\">\n\t\t\t\t\t\t<span  >\n\t\t\t\t\t\t\tTe\u00f2rica en Directe\t\t\t\t\t\t<\/span>\n\t\t\t\t\t<\/h3>\n\t\t\t\t\n\t\t\t\t\t\t\t\t\t<p class=\"elementor-icon-box-description\">\n\t\t\t\t\t\tClasses en streaming amb professor en temps real. Interactua, pregunta i resol dubtes al moment. De dilluns a dijous: 11:00\u201312:00 i 18:00\u201319:00.\t\t\t\t\t<\/p>\n\t\t\t\t\n\t\t\t<\/div>\n\t\t\t\n\t\t<\/div>\n\t\t\t\t\t\t<\/div>\n\t\t\t\t<div class=\"elementor-element elementor-element-e8fcd82 elementor-align-center elementor-widget__width-inherit elementor-widget elementor-widget-button\" data-id=\"e8fcd82\" data-element_type=\"widget\" data-e-type=\"widget\" data-widget_type=\"button.default\">\n\t\t\t\t\t\t\t\t\t\t<a class=\"elementor-button elementor-button-link elementor-size-sm\" href=\"https:\/\/wa.me\/34669868311?text=Hola!%20Quiero%20info%20sobre%20la%20te%C3%B3rica\" target=\"_blank\" rel=\"noopener\">\n\t\t\t\t\t\t<span class=\"elementor-button-content-wrapper\">\n\t\t\t\t\t\t\t\t\t<span class=\"elementor-button-text\">M\u00e9s info<\/span>\n\t\t\t\t\t<\/span>\n\t\t\t\t\t<\/a>\n\t\t\t\t\t\t\t\t<\/div>\n\t\t\t\t<\/div>\n\t\t<div class=\"elementor-element elementor-element-07e287c e-con-full e-flex e-con e-child\" data-id=\"07e287c\" data-element_type=\"container\" data-e-type=\"container\" data-settings=\"{&quot;background_background&quot;:&quot;classic&quot;}\">\n\t\t\t\t<div class=\"elementor-element elementor-element-964fc93 elementor-widget elementor-widget-image\" data-id=\"964fc93\" data-element_type=\"widget\" data-e-type=\"widget\" data-widget_type=\"image.default\">\n\t\t\t\t\t\t\t\t\t\t\t\t\t\t\t<img decoding=\"async\" width=\"512\" height=\"512\" src=\"https:\/\/autoescolaeduardo.com\/wp-content\/uploads\/2026\/03\/rent-a-car_4180040.png\" class=\"attachment-large size-large wp-image-248\" alt=\"Carnet de coche B en Granollers\" srcset=\"https:\/\/autoescolaeduardo.com\/wp-content\/uploads\/2026\/03\/rent-a-car_4180040.png 512w, https:\/\/autoescolaeduardo.com\/wp-content\/uploads\/2026\/03\/rent-a-car_4180040-300x300.png 300w, https:\/\/autoescolaeduardo.com\/wp-content\/uploads\/2026\/03\/rent-a-car_4180040-150x150.png 150w\" sizes=\"(max-width: 512px) 100vw, 512px\" title=\"\">\t\t\t\t\t\t\t\t\t\t\t\t\t\t\t<\/div>\n\t\t\t\t<div class=\"elementor-element elementor-element-71fa644 elementor-widget elementor-widget-icon-box\" data-id=\"71fa644\" data-element_type=\"widget\" data-e-type=\"widget\" data-widget_type=\"icon-box.default\">\n\t\t\t\t\t\t\t<div class=\"elementor-icon-box-wrapper\">\n\n\t\t\t\n\t\t\t\t\t\t<div class=\"elementor-icon-box-content\">\n\n\t\t\t\t\t\t\t\t\t<h3 class=\"elementor-icon-box-title\">\n\t\t\t\t\t\t<span  >\n\t\t\t\t\t\t\tRep\u00e0s Test amb Professor\t\t\t\t\t\t<\/span>\n\t\t\t\t\t<\/h3>\n\t\t\t\t\n\t\t\t\t\t\t\t\t\t<p class=\"elementor-icon-box-description\">\n\t\t\t\t\t\tSessions de rep\u00e0s de tests d'examen amb professor. Resol dubtes i perfecciona la teva preparaci\u00f3. De dilluns a divendres: 12:00\u201313:00 i 19:00\u201320:00.\t\t\t\t\t<\/p>\n\t\t\t\t\n\t\t\t<\/div>\n\t\t\t\n\t\t<\/div>\n\t\t\t\t\t\t<\/div>\n\t\t\t\t<div class=\"elementor-element elementor-element-153f644 elementor-align-center elementor-widget__width-inherit elementor-widget elementor-widget-button\" data-id=\"153f644\" data-element_type=\"widget\" data-e-type=\"widget\" data-widget_type=\"button.default\">\n\t\t\t\t\t\t\t\t\t\t<a class=\"elementor-button elementor-button-link elementor-size-sm\" href=\"https:\/\/wa.me\/34669868311?text=Hola!%20Quiero%20info%20sobre%20la%20te%C3%B3rica\" target=\"_blank\" rel=\"noopener\">\n\t\t\t\t\t\t<span class=\"elementor-button-content-wrapper\">\n\t\t\t\t\t\t\t\t\t<span class=\"elementor-button-text\">M\u00e9s info<\/span>\n\t\t\t\t\t<\/span>\n\t\t\t\t\t<\/a>\n\t\t\t\t\t\t\t\t<\/div>\n\t\t\t\t<\/div>\n\t\t<div class=\"elementor-element elementor-element-d3f0e5d e-con-full e-flex e-con e-child\" data-id=\"d3f0e5d\" data-element_type=\"container\" data-e-type=\"container\" data-settings=\"{&quot;background_background&quot;:&quot;classic&quot;}\">\n\t\t\t\t<div class=\"elementor-element elementor-element-f857728 elementor-widget elementor-widget-image\" data-id=\"f857728\" data-element_type=\"widget\" data-e-type=\"widget\" data-widget_type=\"image.default\">\n\t\t\t\t\t\t\t\t\t\t\t\t\t\t\t<img decoding=\"async\" width=\"512\" height=\"512\" src=\"https:\/\/autoescolaeduardo.com\/wp-content\/uploads\/2026\/03\/satisfaction_3441950.png\" class=\"attachment-large size-large wp-image-249\" alt=\"Clases de conduccion Autoescola Eduardo\" srcset=\"https:\/\/autoescolaeduardo.com\/wp-content\/uploads\/2026\/03\/satisfaction_3441950.png 512w, https:\/\/autoescolaeduardo.com\/wp-content\/uploads\/2026\/03\/satisfaction_3441950-300x300.png 300w, https:\/\/autoescolaeduardo.com\/wp-content\/uploads\/2026\/03\/satisfaction_3441950-150x150.png 150w\" sizes=\"(max-width: 512px) 100vw, 512px\" title=\"\">\t\t\t\t\t\t\t\t\t\t\t\t\t\t\t<\/div>\n\t\t\t\t<div class=\"elementor-element elementor-element-4604cdc elementor-widget elementor-widget-icon-box\" data-id=\"4604cdc\" data-element_type=\"widget\" data-e-type=\"widget\" data-widget_type=\"icon-box.default\">\n\t\t\t\t\t\t\t<div class=\"elementor-icon-box-wrapper\">\n\n\t\t\t\n\t\t\t\t\t\t<div class=\"elementor-icon-box-content\">\n\n\t\t\t\t\t\t\t\t\t<h3 class=\"elementor-icon-box-title\">\n\t\t\t\t\t\t<span  >\n\t\t\t\t\t\t\tAula Informatitzada\t\t\t\t\t\t<\/span>\n\t\t\t\t\t<\/h3>\n\t\t\t\t\n\t\t\t\t\t\t\t\t\t<p class=\"elementor-icon-box-description\">\n\t\t\t\t\t\tOrdinadors amb sistema Aeol adaptat al nou examen. Practica tests amb estad\u00edstiques, control d'errors personalitzat i v\u00eddeos explicatius. De 10:30 a 13:00 i de 17:30 a 20:00.\t\t\t\t\t<\/p>\n\t\t\t\t\n\t\t\t<\/div>\n\t\t\t\n\t\t<\/div>\n\t\t\t\t\t\t<\/div>\n\t\t\t\t<div class=\"elementor-element elementor-element-9716f09 elementor-align-center elementor-widget__width-inherit elementor-widget elementor-widget-button\" data-id=\"9716f09\" data-element_type=\"widget\" data-e-type=\"widget\" data-widget_type=\"button.default\">\n\t\t\t\t\t\t\t\t\t\t<a class=\"elementor-button elementor-button-link elementor-size-sm\" href=\"https:\/\/wa.me\/34669868311?text=Hola!%20Quiero%20info%20sobre%20la%20te%C3%B3rica\" target=\"_blank\" rel=\"noopener\">\n\t\t\t\t\t\t<span class=\"elementor-button-content-wrapper\">\n\t\t\t\t\t\t\t\t\t<span class=\"elementor-button-text\">M\u00e9s info<\/span>\n\t\t\t\t\t<\/span>\n\t\t\t\t\t<\/a>\n\t\t\t\t\t\t\t\t<\/div>\n\t\t\t\t<\/div>\n\t\t\t\t<\/div>\n\t\t\t\t\t<\/div>\n\t\t\t\t<\/div>\n\t\t<div class=\"elementor-element elementor-element-c234752 e-flex e-con-boxed e-con e-parent\" data-id=\"c234752\" data-element_type=\"container\" data-e-type=\"container\">\n\t\t\t\t\t<div class=\"e-con-inner\">\n\t\t<div class=\"elementor-element elementor-element-803f505 e-con-full e-flex e-con e-child\" data-id=\"803f505\" data-element_type=\"container\" data-e-type=\"container\">\n\t\t\t\t<div class=\"elementor-element elementor-element-257e453 elementor-widget elementor-widget-heading\" data-id=\"257e453\" data-element_type=\"widget\" data-e-type=\"widget\" data-widget_type=\"heading.default\">\n\t\t\t\t\t<div class=\"elementor-heading-title elementor-size-default\">Te\u00f2rica per temes<\/div>\t\t\t\t<\/div>\n\t\t\t\t<div class=\"elementor-element elementor-element-5acb965 elementor-widget__width-inherit elementor-widget elementor-widget-elementskit-heading\" data-id=\"5acb965\" data-element_type=\"widget\" data-e-type=\"widget\" data-widget_type=\"elementskit-heading.default\">\n\t\t\t\t\t<div class=\"ekit-wid-con\" ><div class=\"ekit-heading elementskit-section-title-wraper text_left   ekit_heading_tablet-   ekit_heading_mobile-\"><h2 class=\"ekit-heading--title elementskit-section-title\">Apr\u00e8n al teu ritme, <span><span>tema a tema<\/span><\/span><\/h2><\/div><\/div>\t\t\t\t<\/div>\n\t\t\t\t<div class=\"elementor-element elementor-element-4905f62 elementor-widget__width-inherit elementor-widget elementor-widget-text-editor\" data-id=\"4905f62\" data-element_type=\"widget\" data-e-type=\"widget\" data-widget_type=\"text-editor.default\">\n\t\t\t\t\t\t\t\t\t<p>La nostra te\u00f2rica s'imparteix per temes, de forma ordenada i progressiva. No et perdr\u00e0s res encara que comencis a mitja curs.<\/p><ul><li><strong>En directe amb professor:<\/strong> Classes interactives on pots preguntar en temps real.<\/li><li><strong>Des de casa o des de l'autoescola:<\/strong> Tu tries com assistir cada dia.<\/li><li><strong>Adaptada a cada alumne:<\/strong> Contingut actualitzat al format d'examen amb ordinador de la DGT.<\/li><li><strong>Control personalitzat:<\/strong> Seguiment del teu progr\u00e9s amb estad\u00edstiques d'encerts i errors.<\/li><\/ul>\t\t\t\t\t\t\t\t<\/div>\n\t\t\t\t<div class=\"elementor-element elementor-element-ea02dde elementor-widget elementor-widget-button\" data-id=\"ea02dde\" data-element_type=\"widget\" data-e-type=\"widget\" data-widget_type=\"button.default\">\n\t\t\t\t\t\t\t\t\t\t<a class=\"elementor-button elementor-button-link elementor-size-sm\" href=\"https:\/\/wa.me\/34669868311?text=Hola!%20Quiero%20info%20sobre%20la%20te%C3%B3rica\" target=\"_blank\" rel=\"noopener\">\n\t\t\t\t\t\t<span class=\"elementor-button-content-wrapper\">\n\t\t\t\t\t\t\t\t\t<span class=\"elementor-button-text\">Vull comen\u00e7ar<\/span>\n\t\t\t\t\t<\/span>\n\t\t\t\t\t<\/a>\n\t\t\t\t\t\t\t\t<\/div>\n\t\t\t\t<\/div>\n\t\t<div class=\"elementor-element elementor-element-7560501 e-con-full e-flex e-con e-child\" data-id=\"7560501\" data-element_type=\"container\" data-e-type=\"container\" data-settings=\"{&quot;background_background&quot;:&quot;classic&quot;}\">\n\t\t\t\t<\/div>\n\t\t\t\t\t<\/div>\n\t\t\t\t<\/div>\n\t\t\t\t<\/div>","protected":false},"excerpt":{"rendered":"<p>Te\u00f3rica en Directo Inicio Te\u00f3rica en Directo Clases en Directo Aprende la te\u00f3rica desde donde quieras Clases de te\u00f3rica en directo con profesor, por temas, desde tu casa o desde nuestra aula. M\u00e9todo interactivo con seguimiento personalizado. Pregunta, resuelve dudas al momento y aprueba el te\u00f3rico con garant\u00edas. Horario clases en directo: Lunes a Jueves, [&hellip;]<\/p>\n","protected":false},"author":1,"featured_media":556,"parent":0,"menu_order":0,"comment_status":"closed","ping_status":"closed","template":"","meta":{"footnotes":""},"class_list":["post-233","page","type-page","status-publish","has-post-thumbnail","hentry"],"_links":{"self":[{"href":"https:\/\/autoescolaeduardo.com\/ca\/wp-json\/wp\/v2\/pages\/233","targetHints":{"allow":["GET"]}}],"collection":[{"href":"https:\/\/autoescolaeduardo.com\/ca\/wp-json\/wp\/v2\/pages"}],"about":[{"href":"https:\/\/autoescolaeduardo.com\/ca\/wp-json\/wp\/v2\/types\/page"}],"author":[{"embeddable":true,"href":"https:\/\/autoescolaeduardo.com\/ca\/wp-json\/wp\/v2\/users\/1"}],"replies":[{"embeddable":true,"href":"https:\/\/autoescolaeduardo.com\/ca\/wp-json\/wp\/v2\/comments?post=233"}],"version-history":[{"count":28,"href":"https:\/\/autoescolaeduardo.com\/ca\/wp-json\/wp\/v2\/pages\/233\/revisions"}],"predecessor-version":[{"id":531,"href":"https:\/\/autoescolaeduardo.com\/ca\/wp-json\/wp\/v2\/pages\/233\/revisions\/531"}],"wp:featuredmedia":[{"embeddable":true,"href":"https:\/\/autoescolaeduardo.com\/ca\/wp-json\/wp\/v2\/media\/556"}],"wp:attachment":[{"href":"https:\/\/autoescolaeduardo.com\/ca\/wp-json\/wp\/v2\/media?parent=233"}],"curies":[{"name":"wp","href":"https:\/\/api.w.org\/{rel}","templated":true}]}}