{"id":672,"date":"2026-04-30T10:13:46","date_gmt":"2026-04-30T08:13:46","guid":{"rendered":"https:\/\/autoescolaeduardo.com\/?page_id=672"},"modified":"2026-04-30T11:56:47","modified_gmt":"2026-04-30T09:56:47","slug":"precios","status":"publish","type":"page","link":"https:\/\/autoescolaeduardo.com\/ca\/precios\/","title":{"rendered":"Preus"},"content":{"rendered":"<div data-elementor-type=\"wp-page\" data-elementor-id=\"672\" class=\"elementor elementor-672\" data-elementor-post-type=\"page\">\n\t\t\t\t<div class=\"elementor-element elementor-element-4d14888 e-flex e-con-boxed e-con e-parent\" data-id=\"4d14888\" data-element_type=\"container\" data-e-type=\"container\" data-settings=\"{&quot;background_background&quot;:&quot;classic&quot;}\">\n\t\t\t\t\t<div class=\"e-con-inner\">\n\t\t\t\t<div class=\"elementor-element elementor-element-5ef7426 elementor-widget-mobile__width-inherit elementor-widget elementor-widget-heading\" data-id=\"5ef7426\" data-element_type=\"widget\" data-e-type=\"widget\" data-widget_type=\"heading.default\">\n\t\t\t\t\t<h1 class=\"elementor-heading-title elementor-size-default\">Preus i Packs<\/h1>\t\t\t\t<\/div>\n\t\t\t\t<div class=\"elementor-element elementor-element-abee838 elementor-icon-list--layout-inline elementor-mobile-align-start elementor-list-item-link-inline elementor-widget-mobile__width-inherit elementor-widget elementor-widget-icon-list\" data-id=\"abee838\" data-element_type=\"widget\" data-e-type=\"widget\" data-widget_type=\"icon-list.default\">\n\t\t\t\t\t\t\t<ul class=\"elementor-icon-list-items elementor-inline-items\">\n\t\t\t\t\t\t\t<li class=\"elementor-icon-list-item elementor-inline-item\">\n\t\t\t\t\t\t\t\t\t\t\t<a href=\"\/ca\/\">\n\n\t\t\t\t\t\t\t\t\t\t\t\t<span class=\"elementor-icon-list-icon\">\n\t\t\t\t\t\t\t<i aria-hidden=\"true\" class=\"icon icon-home2\"><\/i>\t\t\t\t\t\t<\/span>\n\t\t\t\t\t\t\t\t\t\t<span class=\"elementor-icon-list-text\">Inici<\/span>\n\t\t\t\t\t\t\t\t\t\t\t<\/a>\n\t\t\t\t\t\t\t\t\t<\/li>\n\t\t\t\t\t\t\t\t<li class=\"elementor-icon-list-item elementor-inline-item\">\n\t\t\t\t\t\t\t\t\t\t\t<span class=\"elementor-icon-list-icon\">\n\t\t\t\t\t\t\t<i aria-hidden=\"true\" class=\"icon icon-car-1\"><\/i>\t\t\t\t\t\t<\/span>\n\t\t\t\t\t\t\t\t\t\t<span class=\"elementor-icon-list-text\">Preus<\/span>\n\t\t\t\t\t\t\t\t\t<\/li>\n\t\t\t\t\t\t<\/ul>\n\t\t\t\t\t\t<\/div>\n\t\t\t\t\t<\/div>\n\t\t\t\t<\/div>\n\t\t<div class=\"elementor-element elementor-element-afee7bc e-flex e-con-boxed e-con e-parent\" data-id=\"afee7bc\" data-element_type=\"container\" data-e-type=\"container\" data-settings=\"{&quot;background_background&quot;:&quot;classic&quot;}\">\n\t\t\t\t\t<div class=\"e-con-inner\">\n\t\t\t\t<div class=\"elementor-element elementor-element-13a3be2 elementor-widget__width-initial elementor-widget elementor-widget-heading\" data-id=\"13a3be2\" data-element_type=\"widget\" data-e-type=\"widget\" data-widget_type=\"heading.default\">\n\t\t\t\t\t<div class=\"elementor-heading-title elementor-size-default\">Packs <\/div>\t\t\t\t<\/div>\n\t\t\t\t<div class=\"elementor-element elementor-element-88c2f44 elementor-widget__width-inherit elementor-widget elementor-widget-elementskit-heading\" data-id=\"88c2f44\" data-element_type=\"widget\" data-e-type=\"widget\" data-widget_type=\"elementskit-heading.default\">\n\t\t\t\t\t<div class=\"ekit-wid-con\" ><div class=\"ekit-heading elementskit-section-title-wraper text_center   ekit_heading_tablet-   ekit_heading_mobile-\"><h2 class=\"ekit-heading--title elementskit-section-title\">Tria el teu Pack, <span><span>Condueix el teu Futur<\/span><\/span><\/h2><\/div><\/div>\t\t\t\t<\/div>\n\t\t\t\t<div class=\"elementor-element elementor-element-3b8bbb8 elementor-widget__width-initial elementor-widget elementor-widget-text-editor\" data-id=\"3b8bbb8\" data-element_type=\"widget\" data-e-type=\"widget\" data-widget_type=\"text-editor.default\">\n\t\t\t\t\t\t\t\t\t<p style=\"text-align: center;\">Tres opcions pensades perqu\u00e8 comencis sense complicar-te. Tria el pack que s'adapta a tu.<\/p>\t\t\t\t\t\t\t\t<\/div>\n\t\t\t\t\t<\/div>\n\t\t\t\t<\/div>\n\t\t<div class=\"elementor-element elementor-element-adbe3ff e-flex e-con-boxed e-con e-parent\" data-id=\"adbe3ff\" data-element_type=\"container\" data-e-type=\"container\" data-settings=\"{&quot;background_background&quot;:&quot;classic&quot;}\">\n\t\t\t\t\t<div class=\"e-con-inner\">\n\t\t\t\t<div class=\"elementor-element elementor-element-7f68f52 elementor-widget elementor-widget-html\" data-id=\"7f68f52\" data-element_type=\"widget\" data-e-type=\"widget\" data-widget_type=\"html.default\">\n\t\t\t\t\t<style>\n.ae-packs,.ae-packs *{box-sizing:border-box}\n.ae-packs{display:grid;grid-template-columns:repeat(3,1fr);gap:24px;width:100%;max-width:1140px;margin:0 auto;padding:60px 16px;font-family:inherit}\n.ae-packs .ae-card{background:#fff;border-radius:12px;padding:38px 24px 26px;box-shadow:0 6px 30px rgba(14,48,120,.08);display:flex;flex-direction:column;position:relative;border:2px solid #f0f0f0;min-width:0}\n.ae-packs .ae-card.destacado{background:#0E3078;border-color:#0E3078;transform:translateY(-12px);box-shadow:0 12px 40px rgba(14,48,120,.25)}\n.ae-packs .ae-badge{position:absolute;top:-14px;left:50%;transform:translateX(-50%);background:#FEC606;color:#000;font-family:inherit;font-weight:700;font-size:11px;padding:6px 16px;border-radius:30px;white-space:nowrap;text-transform:uppercase;letter-spacing:1px}\n.ae-packs .ae-num{font-family:inherit;font-size:11px;font-weight:700;letter-spacing:2px;color:#FEC606;margin-bottom:8px}\n.ae-packs .ae-nombre{font-family:var(--e-global-typography-secondary-font-family,inherit);font-size:30px;font-weight:700;margin:0 0 4px;color:#0E3078;line-height:1.1}\n.ae-packs .ae-card.destacado .ae-nombre{color:#fff}\n.ae-packs .ae-sub{font-family:inherit;font-size:11px;color:#999;margin-bottom:22px;text-transform:uppercase;letter-spacing:1.5px;font-weight:700}\n.ae-packs .ae-card.destacado .ae-sub{color:rgba(255,255,255,.55)}\n.ae-packs .ae-lista{list-style:none;padding:0;margin:0 0 24px;flex:1}\n.ae-packs .ae-lista li{font-size:14px;padding:9px 0;color:#333;display:flex;align-items:flex-start;gap:9px;border-bottom:1px solid #f2f2f2;line-height:1.4}\n.ae-packs .ae-card.destacado .ae-lista li{color:#fff;border-bottom-color:rgba(255,255,255,.15)}\n.ae-packs .ae-lista li::before{content:\"\";width:18px;height:18px;flex-shrink:0;background:#FEC606;border-radius:50%;background-image:url(\"data:image\/svg+xml;utf8,<svg xmlns='http:\/\/www.w3.org\/2000\/svg' viewBox='0 0 24 24' fill='none' stroke='%23000' stroke-width='4' stroke-linecap='round' stroke-linejoin='round'><polyline points='20 6 9 17 4 12'\/><\/svg>\");background-size:11px;background-position:center;background-repeat:no-repeat;margin-top:1px}\n.ae-packs .ae-sel{margin-bottom:22px}\n.ae-packs .ae-sel-label{font-family:inherit;font-size:11px;font-weight:700;color:#999;text-transform:uppercase;letter-spacing:1px;margin-bottom:10px}\n.ae-packs .ae-card.destacado .ae-sel-label{color:rgba(255,255,255,.55)}\n.ae-packs .ae-btns{display:grid;grid-template-columns:repeat(4,1fr);gap:6px}\n.ae-packs button.ae-btn{padding:11px 4px !important;border:2px solid #e6e6e6 !important;background:#fff !important;border-radius:5px !important;cursor:pointer;font-family:inherit !important;font-size:14px !important;font-weight:700 !important;color:#0E3078 !important;transition:all .15s;line-height:1;box-shadow:none !important;text-transform:none}\n.ae-packs .ae-card.destacado button.ae-btn{border-color:rgba(255,255,255,.25) !important;background:rgba(255,255,255,.06) !important;color:#fff !important}\n.ae-packs button.ae-btn:hover{border-color:#FEC606 !important}\n.ae-packs button.ae-btn.on,\n.ae-packs .ae-card button.ae-btn.on,\n.ae-packs .ae-card.destacado button.ae-btn.on{background:#FEC606 !important;border-color:#FEC606 !important;color:#000 !important;box-shadow:0 4px 12px rgba(254,198,6,.35) !important}\n.ae-packs .ae-precio-wrap{margin-bottom:22px}\n.ae-packs .ae-desde{font-family:inherit;font-size:11px;color:#999;text-transform:uppercase;letter-spacing:1px;margin-bottom:4px;font-weight:700}\n.ae-packs .ae-card.destacado .ae-desde{color:rgba(255,255,255,.55)}\n.ae-packs .ae-precio{font-family:var(--e-global-typography-secondary-font-family,inherit);font-size:50px;font-weight:700;color:#0E3078;line-height:1}\n.ae-packs .ae-card.destacado .ae-precio{color:#FEC606}\n.ae-packs .ae-precio sup{font-size:22px;font-weight:700;vertical-align:super;margin-right:2px}\n.ae-packs .ae-precio small{font-size:22px;font-weight:700}\n.ae-packs a.ae-cta{display:block !important;text-align:center;background:#FEC606 !important;color:#000 !important;text-decoration:none !important;padding:18px 16px !important;border-radius:5px !important;font-family:inherit !important;font-weight:700 !important;font-size:14px !important;letter-spacing:.5px;text-transform:uppercase;transition:all .2s;border:2px solid #FEC606 !important;box-shadow:none !important}\n.ae-packs a.ae-cta:hover{background:#0E3078 !important;color:#fff !important;border-color:#0E3078 !important}\n.ae-packs .ae-card.destacado a.ae-cta:hover{background:#fff !important;border-color:#fff !important;color:#0E3078 !important}\n.ae-packs .ae-card-basico-spacer{height:50px}\n@media(max-width:900px){\n  .ae-packs{grid-template-columns:1fr;padding:30px 12px;max-width:440px;gap:32px}\n  .ae-packs .ae-card{transform:none !important;padding:34px 22px 22px}\n  .ae-packs .ae-card.destacado{margin-top:8px}\n  .ae-packs .ae-nombre{font-size:28px}\n  .ae-packs .ae-precio{font-size:46px}\n  .ae-packs .ae-card-basico-spacer{display:none}\n}\n<\/style>\n\n<div class=\"ae-packs\">\n\n  <div class=\"ae-card\">\n    <div class=\"ae-num\">01<\/div>\n    <div class=\"ae-nombre\">B\u00e0sic<\/div>\n    <div class=\"ae-sub translation-block\">Te\u00f2rica<\/div>\n    <ul class=\"ae-lista\">\n      <li>Matr\u00edcula<\/li>\n      <li>Tramitaci\u00f3 expedient<\/li>\n      <li>4 mesos app premium<\/li>\n      <li>Curs presencial te\u00f2ric<\/li>\n      <li>Llibre<\/li>\n    <\/ul>\n    <div class=\"ae-card-basico-spacer\"><\/div>\n    <div class=\"ae-precio-wrap\">\n      <div class=\"ae-desde\">Preu total<\/div>\n      <div class=\"ae-precio\"><sup>\u20ac<\/sup>199<\/div>\n    <\/div>\n    <a class=\"ae-cta\" href=\"https:\/\/wa.me\/34669868311?text=Hola!%20Quiero%20informaci%C3%B3n%20sobre%20el%20Pack%20B%C3%A1sico\" target=\"_blank\" rel=\"noopener\">Demana informaci\u00f3<\/a>\n  <\/div>\n\n  <div class=\"ae-card\">\n    <div class=\"ae-num\">02<\/div>\n    <div class=\"ae-nombre\">Standard<\/div>\n    <div class=\"ae-sub\">Te\u00f2rica + Pr\u00e0ctiques<\/div>\n    <ul class=\"ae-lista\">\n      <li>Tot el del Pack B\u00e0sic<\/li>\n      <li>Pr\u00e0ctiques de conducci\u00f3<\/li>\n    <\/ul>\n    <div class=\"ae-sel\">\n      <div class=\"ae-sel-label\">Nombre de pr\u00e0ctiques<\/div>\n      <div class=\"ae-btns\">\n        <button type=\"button\" class=\"ae-btn on\" data-pack=\"standard\" data-n=\"5\" data-p=\"369\">5<\/button>\n        <button type=\"button\" class=\"ae-btn\" data-pack=\"standard\" data-n=\"10\" data-p=\"539\">10<\/button>\n        <button type=\"button\" class=\"ae-btn\" data-pack=\"standard\" data-n=\"15\" data-p=\"709\">15<\/button>\n        <button type=\"button\" class=\"ae-btn\" data-pack=\"standard\" data-n=\"20\" data-p=\"879\">20<\/button>\n      <\/div>\n    <\/div>\n    <div class=\"ae-precio-wrap\">\n      <div class=\"ae-desde\">Preu total<\/div>\n      <div id=\"px-standard\" class=\"ae-precio\"><sup>\u20ac<\/sup>369<\/div>\n    <\/div>\n    <a id=\"wa-standard\" class=\"ae-cta\" href=\"https:\/\/wa.me\/34669868311?text=Hola!%20Me%20interesa%20el%20Pack%20Standard%20con%205%20pr%C3%A1cticas\" target=\"_blank\" rel=\"noopener\">Demana informaci\u00f3<\/a>\n  <\/div>\n\n  <div class=\"ae-card destacado\">\n    <div class=\"ae-badge\">M\u00e9s popular<\/div>\n    <div class=\"ae-num\">03<\/div>\n    <div class=\"ae-nombre\">Premium<\/div>\n    <div class=\"ae-sub\">Tot incl\u00f2s<\/div>\n    <ul class=\"ae-lista\">\n      <li>Tot el del Pack Standard<\/li>\n      <li>Taxes DGT incloses<\/li>\n      <li>1 examen te\u00f2ric<\/li>\n      <li>1 examen pr\u00e0ctic<\/li>\n    <\/ul>\n    <div class=\"ae-sel\">\n      <div class=\"ae-sel-label\">Nombre de pr\u00e0ctiques<\/div>\n      <div class=\"ae-btns\">\n        <button type=\"button\" class=\"ae-btn on\" data-pack=\"premium\" data-n=\"5\" data-p=\"593.05\">5<\/button>\n        <button type=\"button\" class=\"ae-btn\" data-pack=\"premium\" data-n=\"10\" data-p=\"763.05\">10<\/button>\n        <button type=\"button\" class=\"ae-btn\" data-pack=\"premium\" data-n=\"15\" data-p=\"933.05\">15<\/button>\n        <button type=\"button\" class=\"ae-btn\" data-pack=\"premium\" data-n=\"20\" data-p=\"1103.05\">20<\/button>\n      <\/div>\n    <\/div>\n    <div class=\"ae-precio-wrap\">\n      <div class=\"ae-desde\">Preu total<\/div>\n      <div id=\"px-premium\" class=\"ae-precio\"><sup>\u20ac<\/sup>593<small>,05<\/small><\/div>\n    <\/div>\n    <a id=\"wa-premium\" class=\"ae-cta\" href=\"https:\/\/wa.me\/34669868311?text=Hola!%20Me%20interesa%20el%20Pack%20Premium%20con%205%20pr%C3%A1cticas\" target=\"_blank\" rel=\"noopener\">Demana informaci\u00f3<\/a>\n  <\/div>\n\n<\/div>\n\n<script>\n(function(){\n  var btns = document.querySelectorAll('.ae-packs .ae-btn');\n  btns.forEach(function(btn){\n    btn.addEventListener('click', function(e){\n      e.preventDefault();\n      var pack = btn.getAttribute('data-pack');\n      var n = btn.getAttribute('data-n');\n      var p = parseFloat(btn.getAttribute('data-p'));\n      var grupo = btn.closest('.ae-btns');\n      grupo.querySelectorAll('.ae-btn').forEach(function(b){ b.classList.remove('on'); });\n      btn.classList.add('on');\n      var euros = Math.floor(p);\n      var hasCents = (p % 1) > 0;\n      var html = '<sup>\u20ac<\/sup>' + euros + (hasCents ? '<small>,05<\/small>' : '');\n      var pxEl = document.getElementById('px-' + pack);\n      if (pxEl) pxEl.innerHTML = html;\n      var name = pack === 'standard' ? 'Standard' : 'Premium';\n      var waEl = document.getElementById('wa-' + pack);\n      if (waEl) waEl.href = 'https:\/\/wa.me\/34669868311?text=Hola!%20Me%20interesa%20el%20Pack%20' + name + '%20con%20' + n + '%20pr%C3%A1cticas';\n    });\n  });\n})();\n<\/script>\n\t\t\t\t<\/div>\n\t\t\t\t\t<\/div>\n\t\t\t\t<\/div>\n\t\t<div class=\"elementor-element elementor-element-df1ed3e e-flex e-con-boxed e-con e-parent\" data-id=\"df1ed3e\" data-element_type=\"container\" data-e-type=\"container\" data-settings=\"{&quot;background_background&quot;:&quot;classic&quot;}\">\n\t\t\t\t\t<div class=\"e-con-inner\">\n\t\t\t\t<div class=\"elementor-element elementor-element-7ece263 elementor-widget__width-initial elementor-widget elementor-widget-heading\" data-id=\"7ece263\" data-element_type=\"widget\" data-e-type=\"widget\" data-widget_type=\"heading.default\">\n\t\t\t\t\t<div class=\"elementor-heading-title elementor-size-default\">Tarifes individuals<\/div>\t\t\t\t<\/div>\n\t\t\t\t<div class=\"elementor-element elementor-element-6464247 elementor-widget__width-inherit elementor-widget elementor-widget-elementskit-heading\" data-id=\"6464247\" data-element_type=\"widget\" data-e-type=\"widget\" data-widget_type=\"elementskit-heading.default\">\n\t\t\t\t\t<div class=\"ekit-wid-con\" ><div class=\"ekit-heading elementskit-section-title-wraper text_center   ekit_heading_tablet-   ekit_heading_mobile-\"><h2 class=\"ekit-heading--title elementskit-section-title\">\u00bfPrefereixes pagar <span><span>nom\u00e9s el que necessites<\/span><\/span>?<\/h2><\/div><\/div>\t\t\t\t<\/div>\n\t\t\t\t<div class=\"elementor-element elementor-element-c53fe1c elementor-widget elementor-widget-html\" data-id=\"c53fe1c\" data-element_type=\"widget\" data-e-type=\"widget\" data-widget_type=\"html.default\">\n\t\t\t\t\t<style>\n.ae-tf,.ae-tf *{box-sizing:border-box}\n.ae-tf{width:100%;max-width:920px;margin:0 auto;padding:0;font-family:'Roboto',sans-serif}\n.ae-tf-grid{display:grid;grid-template-columns:1fr 1fr;gap:28px}\n.ae-tf-col{background:#fff;border-radius:12px;padding:8px 28px 24px;box-shadow:0 4px 24px rgba(14,48,120,.06);border:1px solid #eef1f6;display:flex;flex-direction:column;min-width:0}\n.ae-tf-head{display:flex;align-items:center;gap:12px;padding:20px 0 18px;border-bottom:2px solid #FEC606;margin-bottom:6px}\n.ae-tf-icon{width:36px;height:36px;background:#0E3078;border-radius:8px;display:flex;align-items:center;justify-content:center;flex-shrink:0}\n.ae-tf-icon svg{width:18px;height:18px;stroke:#FEC606}\n.ae-tf-title{font-family:'Poppins',sans-serif;font-size:18px;font-weight:700;color:#0E3078;margin:0;line-height:1.2;text-transform:none}\n.ae-tf-rows{flex:1;margin-bottom:20px}\n.ae-tf-row{display:flex;justify-content:space-between;align-items:center;padding:13px 0;border-bottom:1px solid #f2f2f2;font-size:15px;color:#444;gap:10px}\n.ae-tf-row:last-child{border-bottom:none}\n.ae-tf-row span:first-child{min-width:0}\n.ae-tf-row b{font-family:'Poppins',sans-serif;font-weight:700;color:#0E3078;font-size:17px;white-space:nowrap}\n.ae-tf a.ae-tf-cta{display:block !important;text-align:center;background:#FEC606 !important;color:#000 !important;text-decoration:none !important;padding:15px 16px !important;border-radius:5px !important;font-family:'Roboto',sans-serif !important;font-weight:700 !important;font-size:13px !important;letter-spacing:.5px;text-transform:uppercase;transition:all .2s;border:2px solid #FEC606 !important;box-shadow:none !important;margin-top:auto}\n.ae-tf a.ae-tf-cta:hover{background:#0E3078 !important;color:#fff !important;border-color:#0E3078 !important}\n@media(max-width:760px){\n  .ae-tf{padding:0}\n  .ae-tf-grid{grid-template-columns:1fr;gap:18px;max-width:440px;margin:0 auto}\n  .ae-tf-col{padding:6px 22px 20px;width:100%}\n  .ae-tf-head{padding:18px 0 14px;gap:10px}\n  .ae-tf-icon{width:32px;height:32px}\n  .ae-tf-icon svg{width:16px;height:16px}\n  .ae-tf-title{font-size:16px}\n  .ae-tf-row{font-size:14px;padding:12px 0}\n  .ae-tf-row b{font-size:16px}\n}\n<\/style>\n\n<div class=\"ae-tf\">\n  <div class=\"ae-tf-grid\">\n\n    <div class=\"ae-tf-col\">\n      <div class=\"ae-tf-head\">\n        <div class=\"ae-tf-icon\"><svg viewbox=\"0 0 24 24\" fill=\"none\" stroke-width=\"2.5\" stroke-linecap=\"round\" stroke-linejoin=\"round\"><path d=\"M14 16H9m10 0h3v-3.15a1 1 0 0 0-.84-.99L16 11l-2.7-3.6a1 1 0 0 0-.8-.4H5.24a2 2 0 0 0-1.8 1.1l-.8 1.63A6 6 0 0 0 2 12.42V15a1 1 0 0 0 1 1h2\"\/><circle cx=\"6.5\" cy=\"16.5\" r=\"2.5\"\/><circle cx=\"16.5\" cy=\"16.5\" r=\"2.5\"\/><\/svg><\/div>\n        <h3 class=\"ae-tf-title\">Pr\u00e0ctiques de conducci\u00f3<\/h3>\n      <\/div>\n      <div class=\"ae-tf-rows\">\n        <div class=\"ae-tf-row\"><span>1 pr\u00e0ctica solta<\/span><b>34 \u20ac<\/b><\/div>\n        <div class=\"ae-tf-row\"><span>Pack 5 pr\u00e0ctiques<\/span><b>170 \u20ac<\/b><\/div>\n        <div class=\"ae-tf-row\"><span>Pack 10 pr\u00e0ctiques<\/span><b>340 \u20ac<\/b><\/div>\n        <div class=\"ae-tf-row\"><span>Pack 15 pr\u00e0ctiques<\/span><b>510 \u20ac<\/b><\/div>\n        <div class=\"ae-tf-row\"><span>Pack 20 pr\u00e0ctiques<\/span><b>680 \u20ac<\/b><\/div>\n      <\/div>\n      <a class=\"ae-tf-cta\" href=\"https:\/\/wa.me\/34669868311?text=Hola!%20Quiero%20informaci%C3%B3n%20sobre%20las%20pr%C3%A1cticas%20de%20conducci%C3%B3n\" target=\"_blank\" rel=\"noopener\">Demana m\u00e9s informaci\u00f3<\/a>\n    <\/div>\n\n    <div class=\"ae-tf-col\">\n      <div class=\"ae-tf-head\">\n        <div class=\"ae-tf-icon\"><svg viewbox=\"0 0 24 24\" fill=\"none\" stroke-width=\"2.5\" stroke-linecap=\"round\" stroke-linejoin=\"round\"><path d=\"M14 2H6a2 2 0 0 0-2 2v16a2 2 0 0 0 2 2h12a2 2 0 0 0 2-2V8z\"\/><polyline points=\"14 2 14 8 20 8\"\/><line x1=\"9\" y1=\"13\" x2=\"15\" y2=\"13\"\/><line x1=\"9\" y1=\"17\" x2=\"13\" y2=\"17\"\/><\/svg><\/div>\n        <h3 class=\"ae-tf-title\">Altres serveis<\/h3>\n      <\/div>\n      <div class=\"ae-tf-rows\">\n        <div class=\"ae-tf-row\"><span>Taxa DGT<\/span><b>94,05 \u20ac<\/b><\/div>\n        <div class=\"ae-tf-row\"><span>Tramitaci\u00f3 expedient<\/span><b>75 \u20ac<\/b><\/div>\n        <div class=\"ae-tf-row\"><span>Examen te\u00f2ric<\/span><b>60 \u20ac<\/b><\/div>\n        <div class=\"ae-tf-row\"><span>Examen pr\u00e0ctic<\/span><b>70 \u20ac<\/b><\/div>\n        <div class=\"ae-tf-row\"><span>Llic\u00e8ncia app premium<\/span><b>10 \u20ac<\/b><\/div>\n      <\/div>\n      <a class=\"ae-tf-cta\" href=\"https:\/\/wa.me\/34669868311?text=Hola!%20Quiero%20informaci%C3%B3n%20sobre%20los%20servicios%20individuales\" target=\"_blank\" rel=\"noopener\">Demana m\u00e9s informaci\u00f3<\/a>\n    <\/div>\n\n  <\/div>\n<\/div>\n\t\t\t\t<\/div>\n\t\t\t\t\t<\/div>\n\t\t\t\t<\/div>\n\t\t<div class=\"elementor-element elementor-element-b945205 e-flex e-con-boxed e-con e-parent\" data-id=\"b945205\" data-element_type=\"container\" data-e-type=\"container\">\n\t\t\t\t\t<div class=\"e-con-inner\">\n\t\t<div class=\"elementor-element elementor-element-1da0dfd e-con-full e-flex e-con e-child\" data-id=\"1da0dfd\" data-element_type=\"container\" data-e-type=\"container\" data-settings=\"{&quot;background_background&quot;:&quot;classic&quot;}\">\n\t\t<div class=\"elementor-element elementor-element-b1d6e4f e-con-full e-flex elementor-invisible e-con e-child\" data-id=\"b1d6e4f\" data-element_type=\"container\" data-e-type=\"container\" data-settings=\"{&quot;background_background&quot;:&quot;classic&quot;,&quot;animation&quot;:&quot;fadeInLeft&quot;}\">\n\t\t\t\t<div class=\"elementor-element elementor-element-5d1021b elementor-widget elementor-widget-elementskit-heading\" data-id=\"5d1021b\" data-element_type=\"widget\" data-e-type=\"widget\" data-widget_type=\"elementskit-heading.default\">\n\t\t\t\t\t<div class=\"ekit-wid-con\" ><div class=\"ekit-heading elementskit-section-title-wraper text_left   ekit_heading_tablet-   ekit_heading_mobile-\"><h2 class=\"ekit-heading--title elementskit-section-title\">Tens dubtes sobre <span><span>quin pack triar<\/span><\/span>?<\/h2><\/div><\/div>\t\t\t\t<\/div>\n\t\t\t\t<div class=\"elementor-element elementor-element-04b9f5f elementor-widget elementor-widget-text-editor\" data-id=\"04b9f5f\" data-element_type=\"widget\" data-e-type=\"widget\" data-widget_type=\"text-editor.default\">\n\t\t\t\t\t\t\t\t\t<p>T'ho expliquem tot sense comprom\u00eds. Escriu-nos i t'aconsellem el pack que m\u00e9s et conv\u00e9.<\/p>\t\t\t\t\t\t\t\t<\/div>\n\t\t\t\t<div class=\"elementor-element elementor-element-8834d84 elementor-tablet-align-justify elementor-widget elementor-widget-button\" data-id=\"8834d84\" data-element_type=\"widget\" data-e-type=\"widget\" data-widget_type=\"button.default\">\n\t\t\t\t\t\t\t\t\t\t<a class=\"elementor-button elementor-button-link elementor-size-sm elementor-animation-grow\" href=\"https:\/\/wa.me\/34669868311?text=Hola!%20Quiero%20que%20me%20ayud%C3%A9is%20a%20elegir%20el%20pack\" target=\"_blank\" rel=\"noopener\">\n\t\t\t\t\t\t<span class=\"elementor-button-content-wrapper\">\n\t\t\t\t\t\t\t\t\t<span class=\"elementor-button-text\">Escriu-nos per WhatsApp<\/span>\n\t\t\t\t\t<\/span>\n\t\t\t\t\t<\/a>\n\t\t\t\t\t\t\t\t<\/div>\n\t\t\t\t<\/div>\n\t\t\t\t<\/div>\n\t\t\t\t\t<\/div>\n\t\t\t\t<\/div>\n\t\t\t\t<\/div>","protected":false},"excerpt":{"rendered":"<p>Precios y Packs Inicio Precios Packs Elige tu pack, conduce tu futuro Tres opciones pensadas para que empieces sin complicarte. Elige el pack que encaja contigo. 01 B\u00e1sico Te\u00f3rica Matr\u00edcula Tramitaci\u00f3n expediente 4 meses app premium Curso presencial te\u00f3rico Libro Precio total \u20ac199 Pedir informaci\u00f3n 02 Standard Te\u00f3rica + Pr\u00e1cticas Todo lo del Pack B\u00e1sico [&hellip;]<\/p>\n","protected":false},"author":1,"featured_media":0,"parent":0,"menu_order":0,"comment_status":"closed","ping_status":"closed","template":"","meta":{"footnotes":""},"class_list":["post-672","page","type-page","status-publish","hentry"],"_links":{"self":[{"href":"https:\/\/autoescolaeduardo.com\/ca\/wp-json\/wp\/v2\/pages\/672","targetHints":{"allow":["GET"]}}],"collection":[{"href":"https:\/\/autoescolaeduardo.com\/ca\/wp-json\/wp\/v2\/pages"}],"about":[{"href":"https:\/\/autoescolaeduardo.com\/ca\/wp-json\/wp\/v2\/types\/page"}],"author":[{"embeddable":true,"href":"https:\/\/autoescolaeduardo.com\/ca\/wp-json\/wp\/v2\/users\/1"}],"replies":[{"embeddable":true,"href":"https:\/\/autoescolaeduardo.com\/ca\/wp-json\/wp\/v2\/comments?post=672"}],"version-history":[{"count":43,"href":"https:\/\/autoescolaeduardo.com\/ca\/wp-json\/wp\/v2\/pages\/672\/revisions"}],"predecessor-version":[{"id":724,"href":"https:\/\/autoescolaeduardo.com\/ca\/wp-json\/wp\/v2\/pages\/672\/revisions\/724"}],"wp:attachment":[{"href":"https:\/\/autoescolaeduardo.com\/ca\/wp-json\/wp\/v2\/media?parent=672"}],"curies":[{"name":"wp","href":"https:\/\/api.w.org\/{rel}","templated":true}]}}